{"id":37,"date":"2018-11-30T15:16:14","date_gmt":"2018-11-30T14:16:14","guid":{"rendered":"https:\/\/havnehuset.dk.185-210-177-60.wp09.comasys.dk?page_id=37"},"modified":"2025-09-02T12:47:00","modified_gmt":"2025-09-02T10:47:00","slug":"kontakt","status":"publish","type":"page","link":"https:\/\/havnehuset.dk\/?page_id=37","title":{"rendered":"Kontakt"},"content":{"rendered":"<p>[et_pb_section fb_built=&#8221;1&#8243; disabled_on=&#8221;on|on|on&#8221; _builder_version=&#8221;4.19.4&#8243; custom_padding=&#8221;0px||0px&#8221; disabled=&#8221;on&#8221; locked=&#8221;off&#8221; collapsed=&#8221;off&#8221; global_colors_info=&#8221;{}&#8221;][et_pb_row _builder_version=&#8221;4.16&#8243; custom_padding=&#8221;0px||0px&#8221; global_colors_info=&#8221;{}&#8221;][et_pb_column type=&#8221;4_4&#8243; _builder_version=&#8221;4.16&#8243; custom_padding=&#8221;|||&#8221; global_colors_info=&#8221;{}&#8221; custom_padding__hover=&#8221;|||&#8221;][et_pb_nextend_smart_slider_3 slider=&#8221;2&#8243; admin_label=&#8221;Smart Slider 3&#8243; _builder_version=&#8221;4.19.4&#8243; global_colors_info=&#8221;{}&#8221;][\/et_pb_nextend_smart_slider_3][\/et_pb_column][\/et_pb_row][\/et_pb_section][et_pb_section fb_built=&#8221;1&#8243; _builder_version=&#8221;4.16&#8243; custom_padding=&#8221;0|0px|0px|0px|false|false&#8221; collapsed=&#8221;off&#8221; global_colors_info=&#8221;{}&#8221;][et_pb_row _builder_version=&#8221;4.16&#8243; width=&#8221;100%&#8221; max_width=&#8221;100%&#8221; custom_padding=&#8221;0|0px|0px|0px|false|false&#8221; use_custom_width=&#8221;on&#8221; width_unit=&#8221;off&#8221; custom_width_percent=&#8221;100%&#8221; global_colors_info=&#8221;{}&#8221;][et_pb_column type=&#8221;4_4&#8243; _builder_version=&#8221;4.16&#8243; custom_padding=&#8221;|||&#8221; global_colors_info=&#8221;{}&#8221; custom_padding__hover=&#8221;|||&#8221;][et_pb_code _builder_version=&#8221;4.19.4&#8243; global_colors_info=&#8221;{}&#8221;]<iframe src=\"https:\/\/www.google.com\/maps\/embed?pb=!1m18!1m12!1m3!1d1096.6599642691438!2d10.659597473391758!3d55.44852535934752!2m3!1f0!2f0!3f0!3m2!1i1024!2i768!4f13.1!3m3!1m2!1s0x464d19de04758ccd%3A0xbdb6746788300d04!2sDosseringen%2020B%2C%205300%20Kerteminde!5e0!3m2!1sda!2sdk!4v1742292218327!5m2!1sda!2sdk\" width=\"1920\" height=\"450\" style=\"border:0;\" allowfullscreen=\"\" loading=\"lazy\" referrerpolicy=\"no-referrer-when-downgrade\"><\/iframe>[\/et_pb_code][\/et_pb_column][\/et_pb_row][\/et_pb_section][et_pb_section fb_built=&#8221;1&#8243; _builder_version=&#8221;4.16&#8243; global_colors_info=&#8221;{}&#8221;][et_pb_row use_custom_gutter=&#8221;on&#8221; gutter_width=&#8221;2&#8243; make_equal=&#8221;on&#8221; _builder_version=&#8221;4.16&#8243; max_width=&#8221;90%&#8221; custom_padding=&#8221;0|0px|8px|0px|false|false&#8221; use_custom_width=&#8221;on&#8221; width_unit=&#8221;off&#8221; custom_width_percent=&#8221;90%&#8221; global_colors_info=&#8221;{}&#8221;][et_pb_column type=&#8221;4_4&#8243; _builder_version=&#8221;4.16&#8243; custom_padding=&#8221;|||&#8221; global_colors_info=&#8221;{}&#8221; custom_padding__hover=&#8221;|||&#8221;][et_pb_text admin_label=&#8221;Kontakt txt og skema&#8221; _builder_version=&#8221;4.19.4&#8243; text_font=&#8221;||||||||&#8221; custom_padding=&#8221;|||2px||&#8221; global_colors_info=&#8221;{}&#8221;]<\/p>\n<h1>Velkommen til HavneHuset<\/h1>\n<p style=\"caret-color: #000000; color: #000000;\" data-start=\"80\" data-end=\"264\">Er du interesseret i at booke et ophold hos os eller h\u00f8re hvilke datoer ferieboligen er ledig \u2013 vi gl\u00e6der os til at hj\u00e6lpe dig.<\/p>\n<p style=\"caret-color: #000000; color: #000000;\" data-start=\"266\" data-end=\"332\" data-is-last-node=\"\" data-is-only-node=\"\">&#x1f4de; Kontakt os i dag, s\u00e5 finder vi den perfekte dato til din ferie!<\/p>\n<p style=\"caret-color: #000000; color: #000000;\" data-start=\"266\" data-end=\"332\" data-is-last-node=\"\" data-is-only-node=\"\">Tel. <a href=\"tel:+45 29 80 51 51\">+45 26 83 10 00<\/a><\/p>\n<p>&nbsp;<\/p>\n<p>[\/et_pb_text][\/et_pb_column][\/et_pb_row][\/et_pb_section]<\/p>\n","protected":false},"excerpt":{"rendered":"<p>Velkommen til HavneHuset Er du interesseret i at booke et ophold hos os eller h\u00f8re hvilke datoer ferieboligen er ledig \u2013 vi gl\u00e6der os til at hj\u00e6lpe dig. &#x1f4de; Kontakt os i dag, s\u00e5 finder vi den perfekte dato til din ferie! Tel. +45 26 83 10 00 &nbsp;<\/p>\n","protected":false},"author":4,"featured_media":0,"parent":0,"menu_order":0,"comment_status":"closed","ping_status":"closed","template":"","meta":{"_et_pb_use_builder":"on","_et_pb_old_content":"","_et_gb_content_width":"","footnotes":""},"class_list":["post-37","page","type-page","status-publish","hentry"],"yoast_head":"<!-- This site is optimized with the Yoast SEO plugin v18.9 - https:\/\/yoast.com\/wordpress\/plugins\/seo\/ -->\n<title>Kontakt - Havnehuset.dk \u2022 Feriebolig \u2022 Ferienhaus<\/title>\n<meta name=\"robots\" content=\"index, follow, max-snippet:-1, max-image-preview:large, max-video-preview:-1\" \/>\n<link rel=\"canonical\" href=\"https:\/\/havnehuset.dk\/?page_id=37\" \/>\n<meta property=\"og:locale\" content=\"da_DK\" \/>\n<meta property=\"og:type\" content=\"article\" \/>\n<meta property=\"og:title\" content=\"Kontakt - Havnehuset.dk \u2022 Feriebolig \u2022 Ferienhaus\" \/>\n<meta property=\"og:description\" content=\"Velkommen til HavneHuset Er du interesseret i at booke et ophold hos os eller h\u00f8re hvilke datoer ferieboligen er ledig \u2013 vi gl\u00e6der os til at hj\u00e6lpe dig. &#x1f4de; Kontakt os i dag, s\u00e5 finder vi den perfekte dato til din ferie! Tel. +45 26 83 10 00 &nbsp;\" \/>\n<meta property=\"og:url\" content=\"https:\/\/havnehuset.dk\/?page_id=37\" \/>\n<meta property=\"og:site_name\" content=\"Havnehuset.dk \u2022 Feriebolig \u2022 Ferienhaus\" \/>\n<meta property=\"article:modified_time\" content=\"2025-09-02T10:47:00+00:00\" \/>\n<meta name=\"twitter:card\" content=\"summary_large_image\" \/>\n<meta name=\"twitter:label1\" content=\"Estimeret l\u00e6setid\" \/>\n\t<meta name=\"twitter:data1\" content=\"2 minutter\" \/>\n<script type=\"application\/ld+json\" class=\"yoast-schema-graph\">{\"@context\":\"https:\/\/schema.org\",\"@graph\":[{\"@type\":\"WebSite\",\"@id\":\"https:\/\/havnehuset.dk\/#website\",\"url\":\"https:\/\/havnehuset.dk\/\",\"name\":\"Havnehuset.dk \u2022 Feriebolig \u2022 Ferienhaus\",\"description\":\"Feriebolig i Kerteminde\",\"potentialAction\":[{\"@type\":\"SearchAction\",\"target\":{\"@type\":\"EntryPoint\",\"urlTemplate\":\"https:\/\/havnehuset.dk\/?s={search_term_string}\"},\"query-input\":\"required name=search_term_string\"}],\"inLanguage\":\"da-DK\"},{\"@type\":\"WebPage\",\"@id\":\"https:\/\/havnehuset.dk\/?page_id=37#webpage\",\"url\":\"https:\/\/havnehuset.dk\/?page_id=37\",\"name\":\"Kontakt - Havnehuset.dk \u2022 Feriebolig \u2022 Ferienhaus\",\"isPartOf\":{\"@id\":\"https:\/\/havnehuset.dk\/#website\"},\"datePublished\":\"2018-11-30T14:16:14+00:00\",\"dateModified\":\"2025-09-02T10:47:00+00:00\",\"breadcrumb\":{\"@id\":\"https:\/\/havnehuset.dk\/?page_id=37#breadcrumb\"},\"inLanguage\":\"da-DK\",\"potentialAction\":[{\"@type\":\"ReadAction\",\"target\":[\"https:\/\/havnehuset.dk\/?page_id=37\"]}]},{\"@type\":\"BreadcrumbList\",\"@id\":\"https:\/\/havnehuset.dk\/?page_id=37#breadcrumb\",\"itemListElement\":[{\"@type\":\"ListItem\",\"position\":1,\"name\":\"Hjem\",\"item\":\"https:\/\/havnehuset.dk\/\"},{\"@type\":\"ListItem\",\"position\":2,\"name\":\"Kontakt\"}]}]}<\/script>\n<!-- \/ Yoast SEO plugin. -->","yoast_head_json":{"title":"Kontakt - Havnehuset.dk \u2022 Feriebolig \u2022 Ferienhaus","robots":{"index":"index","follow":"follow","max-snippet":"max-snippet:-1","max-image-preview":"max-image-preview:large","max-video-preview":"max-video-preview:-1"},"canonical":"https:\/\/havnehuset.dk\/?page_id=37","og_locale":"da_DK","og_type":"article","og_title":"Kontakt - Havnehuset.dk \u2022 Feriebolig \u2022 Ferienhaus","og_description":"Velkommen til HavneHuset Er du interesseret i at booke et ophold hos os eller h\u00f8re hvilke datoer ferieboligen er ledig \u2013 vi gl\u00e6der os til at hj\u00e6lpe dig. &#x1f4de; Kontakt os i dag, s\u00e5 finder vi den perfekte dato til din ferie! Tel. +45 26 83 10 00 &nbsp;","og_url":"https:\/\/havnehuset.dk\/?page_id=37","og_site_name":"Havnehuset.dk \u2022 Feriebolig \u2022 Ferienhaus","article_modified_time":"2025-09-02T10:47:00+00:00","twitter_card":"summary_large_image","twitter_misc":{"Estimeret l\u00e6setid":"2 minutter"},"schema":{"@context":"https:\/\/schema.org","@graph":[{"@type":"WebSite","@id":"https:\/\/havnehuset.dk\/#website","url":"https:\/\/havnehuset.dk\/","name":"Havnehuset.dk \u2022 Feriebolig \u2022 Ferienhaus","description":"Feriebolig i Kerteminde","potentialAction":[{"@type":"SearchAction","target":{"@type":"EntryPoint","urlTemplate":"https:\/\/havnehuset.dk\/?s={search_term_string}"},"query-input":"required name=search_term_string"}],"inLanguage":"da-DK"},{"@type":"WebPage","@id":"https:\/\/havnehuset.dk\/?page_id=37#webpage","url":"https:\/\/havnehuset.dk\/?page_id=37","name":"Kontakt - Havnehuset.dk \u2022 Feriebolig \u2022 Ferienhaus","isPartOf":{"@id":"https:\/\/havnehuset.dk\/#website"},"datePublished":"2018-11-30T14:16:14+00:00","dateModified":"2025-09-02T10:47:00+00:00","breadcrumb":{"@id":"https:\/\/havnehuset.dk\/?page_id=37#breadcrumb"},"inLanguage":"da-DK","potentialAction":[{"@type":"ReadAction","target":["https:\/\/havnehuset.dk\/?page_id=37"]}]},{"@type":"BreadcrumbList","@id":"https:\/\/havnehuset.dk\/?page_id=37#breadcrumb","itemListElement":[{"@type":"ListItem","position":1,"name":"Hjem","item":"https:\/\/havnehuset.dk\/"},{"@type":"ListItem","position":2,"name":"Kontakt"}]}]}},"_links":{"self":[{"href":"https:\/\/havnehuset.dk\/index.php?rest_route=\/wp\/v2\/pages\/37"}],"collection":[{"href":"https:\/\/havnehuset.dk\/index.php?rest_route=\/wp\/v2\/pages"}],"about":[{"href":"https:\/\/havnehuset.dk\/index.php?rest_route=\/wp\/v2\/types\/page"}],"author":[{"embeddable":true,"href":"https:\/\/havnehuset.dk\/index.php?rest_route=\/wp\/v2\/users\/4"}],"replies":[{"embeddable":true,"href":"https:\/\/havnehuset.dk\/index.php?rest_route=%2Fwp%2Fv2%2Fcomments&post=37"}],"version-history":[{"count":27,"href":"https:\/\/havnehuset.dk\/index.php?rest_route=\/wp\/v2\/pages\/37\/revisions"}],"predecessor-version":[{"id":4156,"href":"https:\/\/havnehuset.dk\/index.php?rest_route=\/wp\/v2\/pages\/37\/revisions\/4156"}],"wp:attachment":[{"href":"https:\/\/havnehuset.dk\/index.php?rest_route=%2Fwp%2Fv2%2Fmedia&parent=37"}],"curies":[{"name":"wp","href":"https:\/\/api.w.org\/{rel}","templated":true}]}}